{"id":195,"date":"2025-05-17T09:16:28","date_gmt":"2025-05-17T09:16:28","guid":{"rendered":"https:\/\/axess.broz.be\/?page_id=195"},"modified":"2025-05-17T09:19:26","modified_gmt":"2025-05-17T09:19:26","slug":"juridische-informatie","status":"publish","type":"page","link":"https:\/\/axesspharma.be\/nl\/mentions-legales\/","title":{"rendered":"Juridische informatie"},"content":{"rendered":"<div data-elementor-type=\"wp-page\" data-elementor-id=\"195\" class=\"elementor elementor-195\" data-elementor-post-type=\"page\">\n\t\t\t\t<div class=\"elementor-element elementor-element-bdeeaf4 e-flex e-con-boxed e-con e-parent\" data-id=\"bdeeaf4\" data-element_type=\"container\" data-e-type=\"container\">\n\t\t\t\t\t<div class=\"e-con-inner\">\n\t\t\t\t<div class=\"elementor-element elementor-element-ba97058 elementor-widget elementor-widget-heading\" data-id=\"ba97058\" data-element_type=\"widget\" data-e-type=\"widget\" data-widget_type=\"heading.default\">\n\t\t\t\t<div class=\"elementor-widget-container\">\n\t\t\t\t\t<h2 class=\"elementor-heading-title elementor-size-default\">Juridische informatie<\/h2>\t\t\t\t<\/div>\n\t\t\t\t<\/div>\n\t\t\t\t<div class=\"elementor-element elementor-element-afab055 elementor-widget elementor-widget-heading\" data-id=\"afab055\" data-element_type=\"widget\" data-e-type=\"widget\" data-widget_type=\"heading.default\">\n\t\t\t\t<div class=\"elementor-widget-container\">\n\t\t\t\t\t<h3 class=\"elementor-heading-title elementor-size-default\">Uitgever<\/h3>\t\t\t\t<\/div>\n\t\t\t\t<\/div>\n\t\t\t\t<div class=\"elementor-element elementor-element-9482670 elementor-icon-list--layout-traditional elementor-list-item-link-full_width elementor-widget elementor-widget-icon-list\" data-id=\"9482670\" data-element_type=\"widget\" data-e-type=\"widget\" data-widget_type=\"icon-list.default\">\n\t\t\t\t<div class=\"elementor-widget-container\">\n\t\t\t\t\t\t\t<ul class=\"elementor-icon-list-items\">\n\t\t\t\t\t\t\t<li class=\"elementor-icon-list-item\">\n\t\t\t\t\t\t\t\t\t\t\t<span class=\"elementor-icon-list-icon\">\n\t\t\t\t\t\t\t<svg aria-hidden=\"true\" class=\"e-font-icon-svg e-fas-circle\" viewbox=\"0 0 512 512\" xmlns=\"http:\/\/www.w3.org\/2000\/svg\"><path d=\"M256 8C119 8 8 119 8 256s111 248 248 248 248-111 248-248S393 8 256 8z\"><\/path><\/svg>\t\t\t\t\t\t<\/span>\n\t\t\t\t\t\t\t\t\t\t<span class=\"elementor-icon-list-text\"><b>Deze website wordt gepubliceerd door<\/b> Fargan SA<\/span>\n\t\t\t\t\t\t\t\t\t<\/li>\n\t\t\t\t\t\t\t\t<li class=\"elementor-icon-list-item\">\n\t\t\t\t\t\t\t\t\t\t\t<span class=\"elementor-icon-list-icon\">\n\t\t\t\t\t\t\t<svg aria-hidden=\"true\" class=\"e-font-icon-svg e-fas-circle\" viewbox=\"0 0 512 512\" xmlns=\"http:\/\/www.w3.org\/2000\/svg\"><path d=\"M256 8C119 8 8 119 8 256s111 248 248 248 248-111 248-248S393 8 256 8z\"><\/path><\/svg>\t\t\t\t\t\t<\/span>\n\t\t\t\t\t\t\t\t\t\t<span class=\"elementor-icon-list-text\"><b>Adres <\/b>Handelsstraat 42 <br>1420 Eigenbrakel - Belgi\u00eb<\/span>\n\t\t\t\t\t\t\t\t\t<\/li>\n\t\t\t\t\t\t\t\t<li class=\"elementor-icon-list-item\">\n\t\t\t\t\t\t\t\t\t\t\t<span class=\"elementor-icon-list-icon\">\n\t\t\t\t\t\t\t<svg aria-hidden=\"true\" class=\"e-font-icon-svg e-fas-circle\" viewbox=\"0 0 512 512\" xmlns=\"http:\/\/www.w3.org\/2000\/svg\"><path d=\"M256 8C119 8 8 119 8 256s111 248 248 248 248-111 248-248S393 8 256 8z\"><\/path><\/svg>\t\t\t\t\t\t<\/span>\n\t\t\t\t\t\t\t\t\t\t<span class=\"elementor-icon-list-text\"><b>\t BTW  <\/b>BE0438.709.224<\/span>\n\t\t\t\t\t\t\t\t\t<\/li>\n\t\t\t\t\t\t<\/ul>\n\t\t\t\t\t\t<\/div>\n\t\t\t\t<\/div>\n\t\t\t\t<div class=\"elementor-element elementor-element-64b44ab elementor-widget elementor-widget-text-editor\" data-id=\"64b44ab\" data-element_type=\"widget\" data-e-type=\"widget\" data-widget_type=\"text-editor.default\">\n\t\t\t\t<div class=\"elementor-widget-container\">\n\t\t\t\t\t\t\t\t\t<p>Het doel van deze site is informatie te verstrekken over de diensten en producten die apotheken aanbieden: geneesmiddelen (met of zonder recept), parafarmaceutische producten, cosmetica en voedingssupplementen.<br \/><strong>Er is geen online verkoop mogelijk.<\/strong><\/p>\t\t\t\t\t\t\t\t<\/div>\n\t\t\t\t<\/div>\n\t\t\t\t<div class=\"elementor-element elementor-element-5166ab4 elementor-widget elementor-widget-heading\" data-id=\"5166ab4\" data-element_type=\"widget\" data-e-type=\"widget\" data-widget_type=\"heading.default\">\n\t\t\t\t<div class=\"elementor-widget-container\">\n\t\t\t\t\t<h3 class=\"elementor-heading-title elementor-size-default\">Gebruiksvoorwaarden<\/h3>\t\t\t\t<\/div>\n\t\t\t\t<\/div>\n\t\t\t\t<div class=\"elementor-element elementor-element-c61ea5e elementor-widget elementor-widget-text-editor\" data-id=\"c61ea5e\" data-element_type=\"widget\" data-e-type=\"widget\" data-widget_type=\"text-editor.default\">\n\t\t\t\t<div class=\"elementor-widget-container\">\n\t\t\t\t\t\t\t\t\t<p>Door deze site te bezoeken, aanvaardt de gebruiker deze gebruiksvoorwaarden.<br \/>Fargan SA behoudt zich het recht voor de inhoud van de site en deze kennisgevingen op elk moment en zonder voorafgaande kennisgeving te wijzigen.<\/p><p>De site is gericht op zowel particulieren als professionals. De toegang is gratis en er is geen gebruikersaccount voor nodig.<br \/>Via deze site zijn geen transacties, bestellingen of leveringen mogelijk.<\/p>\t\t\t\t\t\t\t\t<\/div>\n\t\t\t\t<\/div>\n\t\t\t\t<div class=\"elementor-element elementor-element-4323bba elementor-widget elementor-widget-heading\" data-id=\"4323bba\" data-element_type=\"widget\" data-e-type=\"widget\" data-widget_type=\"heading.default\">\n\t\t\t\t<div class=\"elementor-widget-container\">\n\t\t\t\t\t<h3 class=\"elementor-heading-title elementor-size-default\">Intellectueel eigendom<\/h3>\t\t\t\t<\/div>\n\t\t\t\t<\/div>\n\t\t\t\t<div class=\"elementor-element elementor-element-45ad7b8 elementor-widget elementor-widget-text-editor\" data-id=\"45ad7b8\" data-element_type=\"widget\" data-e-type=\"widget\" data-widget_type=\"text-editor.default\">\n\t\t\t\t<div class=\"elementor-widget-container\">\n\t\t\t\t\t\t\t\t\t<p>Alle elementen van de site (tekst, logo's, afbeeldingen, structuur) zijn auteursrechtelijk beschermd.<br \/>Niets van deze website mag worden gereproduceerd zonder voorafgaande schriftelijke toestemming van Fargan SA.<\/p>\t\t\t\t\t\t\t\t<\/div>\n\t\t\t\t<\/div>\n\t\t\t\t<div class=\"elementor-element elementor-element-12d92a2 elementor-widget elementor-widget-heading\" data-id=\"12d92a2\" data-element_type=\"widget\" data-e-type=\"widget\" data-widget_type=\"heading.default\">\n\t\t\t\t<div class=\"elementor-widget-container\">\n\t\t\t\t\t<h3 class=\"elementor-heading-title elementor-size-default\">Bescherming van privacy<\/h3>\t\t\t\t<\/div>\n\t\t\t\t<\/div>\n\t\t\t\t<div class=\"elementor-element elementor-element-154ad48 elementor-widget elementor-widget-text-editor\" data-id=\"154ad48\" data-element_type=\"widget\" data-e-type=\"widget\" data-widget_type=\"text-editor.default\">\n\t\t\t\t<div class=\"elementor-widget-container\">\n\t\t\t\t\t\t\t\t\t<p>Fargan SA verbindt zich ertoe uw privacy te respecteren en alle persoonlijke gegevens te beschermen die u via deze site doorgeeft (bijvoorbeeld via een contactformulier of een inschrijvingsformulier voor een nieuwsbrief).<\/p><p><strong>Welke gegevens?<\/strong><br \/>Achternaam, voornaam, e-mail, telefoonnummer, inhoud van je bericht.<\/p><p><strong>Waarom is dit?<\/strong><br \/>Alleen om te reageren op uw verzoek of om u informatie te sturen als u daarvoor toestemming hebt gegeven.<\/p><p><strong>Voor hoe lang?<\/strong><br \/>De tijd die nodig is om uw verzoek te verwerken of zoals vereist door de wet.<\/p><p><strong>Welke rechten?<\/strong><br \/>U kunt verzoeken om toegang tot, rectificatie of verwijdering van uw gegevens, of bezwaar maken tegen de verwerking ervan, door te schrijven naar :<br \/><strong>Fargan SA - Handelslaan 42, 1420 Eigenbrakel<\/strong>.<\/p>\t\t\t\t\t\t\t\t<\/div>\n\t\t\t\t<\/div>\n\t\t\t\t<div class=\"elementor-element elementor-element-121fb82 elementor-widget elementor-widget-heading\" data-id=\"121fb82\" data-element_type=\"widget\" data-e-type=\"widget\" data-widget_type=\"heading.default\">\n\t\t\t\t<div class=\"elementor-widget-container\">\n\t\t\t\t\t<h3 class=\"elementor-heading-title elementor-size-default\">Cookiebeleid<\/h3>\t\t\t\t<\/div>\n\t\t\t\t<\/div>\n\t\t\t\t<div class=\"elementor-element elementor-element-c3f6f38 elementor-widget elementor-widget-text-editor\" data-id=\"c3f6f38\" data-element_type=\"widget\" data-e-type=\"widget\" data-widget_type=\"text-editor.default\">\n\t\t\t\t<div class=\"elementor-widget-container\">\n\t\t\t\t\t\t\t\t\t<p>De site gebruikt alleen <strong>essenti\u00eble technische cookies<\/strong> de goede werking van de site:<\/p><ul><li>Sessiecookies: navigatie tussen pagina's<\/li><li>Taalcookies: je taalvoorkeur opslaan<\/li><\/ul><p>Er worden geen reclame- of trackingcookies gebruikt.<\/p><p>U kunt cookies uitschakelen via uw browserinstellingen, maar dit kan bepaalde functies van de site be\u00efnvloeden.<\/p>\t\t\t\t\t\t\t\t<\/div>\n\t\t\t\t<\/div>\n\t\t\t\t<div class=\"elementor-element elementor-element-7da97d5 elementor-widget elementor-widget-heading\" data-id=\"7da97d5\" data-element_type=\"widget\" data-e-type=\"widget\" data-widget_type=\"heading.default\">\n\t\t\t\t<div class=\"elementor-widget-container\">\n\t\t\t\t\t<h3 class=\"elementor-heading-title elementor-size-default\">Toepasselijk recht<\/h3>\t\t\t\t<\/div>\n\t\t\t\t<\/div>\n\t\t\t\t<div class=\"elementor-element elementor-element-e880c4a elementor-widget elementor-widget-text-editor\" data-id=\"e880c4a\" data-element_type=\"widget\" data-e-type=\"widget\" data-widget_type=\"text-editor.default\">\n\t\t\t\t<div class=\"elementor-widget-container\">\n\t\t\t\t\t\t\t\t\t<p>Op deze algemene voorwaarden is Belgisch recht van toepassing.<br \/>Elk geschil valt onder de exclusieve bevoegdheid van de rechtbanken van het gerechtelijk arrondissement Waals-Brabant.<\/p>\t\t\t\t\t\t\t\t<\/div>\n\t\t\t\t<\/div>\n\t\t\t\t<div class=\"elementor-element elementor-element-b7c4f64 elementor-widget elementor-widget-heading\" data-id=\"b7c4f64\" data-element_type=\"widget\" data-e-type=\"widget\" data-widget_type=\"heading.default\">\n\t\t\t\t<div class=\"elementor-widget-container\">\n\t\t\t\t\t<h3 class=\"elementor-heading-title elementor-size-default\">Talen<\/h3>\t\t\t\t<\/div>\n\t\t\t\t<\/div>\n\t\t\t\t<div class=\"elementor-element elementor-element-52c28a1 elementor-widget elementor-widget-text-editor\" data-id=\"52c28a1\" data-element_type=\"widget\" data-e-type=\"widget\" data-widget_type=\"text-editor.default\">\n\t\t\t\t<div class=\"elementor-widget-container\">\n\t\t\t\t\t\t\t\t\t<p>De site is beschikbaar in <strong>Frans<\/strong>, <strong>Nederlands<\/strong> en <strong>Engels<\/strong>.<br \/>In het geval van een tegenstrijdigheid tussen de versies, is de versie <strong>Frans<\/strong> heerst.<\/p>\t\t\t\t\t\t\t\t<\/div>\n\t\t\t\t<\/div>\n\t\t\t\t\t<\/div>\n\t\t\t\t<\/div>\n\t\t\t\t<\/div>","protected":false},"excerpt":{"rendered":"<p>Mentions l\u00e9gales \u00c9diteur du site Le pr\u00e9sent site est \u00e9dit\u00e9 par : Fargan SA Adresse : Avenue du Commerce 42 1420 Braine-l\u2019Alleud \u2013 Belgique TVA : BE0438.709.224 Ce site a pour objectif de fournir des informations sur les services et produits propos\u00e9s en pharmacie : m\u00e9dicaments (avec ou sans ordonnance), produits parapharmaceutiques, cosm\u00e9tiques et compl\u00e9ments [&hellip;]<\/p>\n","protected":false},"author":1,"featured_media":0,"parent":0,"menu_order":0,"comment_status":"closed","ping_status":"closed","template":"","meta":{"_acf_changed":false,"footnotes":""},"class_list":["post-195","page","type-page","status-publish","hentry"],"acf":[],"_links":{"self":[{"href":"https:\/\/axesspharma.be\/nl\/wp-json\/wp\/v2\/pages\/195","targetHints":{"allow":["GET"]}}],"collection":[{"href":"https:\/\/axesspharma.be\/nl\/wp-json\/wp\/v2\/pages"}],"about":[{"href":"https:\/\/axesspharma.be\/nl\/wp-json\/wp\/v2\/types\/page"}],"author":[{"embeddable":true,"href":"https:\/\/axesspharma.be\/nl\/wp-json\/wp\/v2\/users\/1"}],"replies":[{"embeddable":true,"href":"https:\/\/axesspharma.be\/nl\/wp-json\/wp\/v2\/comments?post=195"}],"version-history":[{"count":4,"href":"https:\/\/axesspharma.be\/nl\/wp-json\/wp\/v2\/pages\/195\/revisions"}],"predecessor-version":[{"id":201,"href":"https:\/\/axesspharma.be\/nl\/wp-json\/wp\/v2\/pages\/195\/revisions\/201"}],"wp:attachment":[{"href":"https:\/\/axesspharma.be\/nl\/wp-json\/wp\/v2\/media?parent=195"}],"curies":[{"name":"wp","href":"https:\/\/api.w.org\/{rel}","templated":true}]}}