{"id":13,"date":"2025-05-17T06:37:36","date_gmt":"2025-05-17T06:37:36","guid":{"rendered":"https:\/\/axess.broz.be\/?page_id=13"},"modified":"2026-04-09T14:02:40","modified_gmt":"2026-04-09T12:02:40","slug":"accueil","status":"publish","type":"page","link":"https:\/\/axesspharma.be\/en\/","title":{"rendered":"Pharmacies de Gare \u00e0 Bruxelles, Li\u00e8ge &amp; Braine l&rsquo;Alleud &#8211; Services de Sant\u00e9 Rapides &amp; Professionnels"},"content":{"rendered":"\t\t<div data-elementor-type=\"wp-page\" data-elementor-id=\"13\" class=\"elementor elementor-13\" data-elementor-post-type=\"page\">\n\t\t\t\t<div class=\"elementor-element elementor-element-1199cde e-flex e-con-boxed e-con e-parent\" data-id=\"1199cde\" data-element_type=\"container\" data-e-type=\"container\" data-settings=\"{&quot;background_background&quot;:&quot;slideshow&quot;,&quot;background_slideshow_gallery&quot;:[{&quot;id&quot;:69,&quot;url&quot;:&quot;https:\\\/\\\/axesspharma.be\\\/wp-content\\\/uploads\\\/2025\\\/05\\\/AL-112407-SAL_6014-copie-scaled.webp&quot;},{&quot;id&quot;:70,&quot;url&quot;:&quot;https:\\\/\\\/axesspharma.be\\\/wp-content\\\/uploads\\\/2025\\\/05\\\/AL-112407-SAL_5872.webp&quot;}],&quot;background_slideshow_ken_burns&quot;:&quot;yes&quot;,&quot;background_slideshow_ken_burns_zoom_direction&quot;:&quot;out&quot;,&quot;background_slideshow_loop&quot;:&quot;yes&quot;,&quot;background_slideshow_slide_duration&quot;:5000,&quot;background_slideshow_slide_transition&quot;:&quot;fade&quot;,&quot;background_slideshow_transition_duration&quot;:500}\">\n\t\t\t\t\t<div class=\"e-con-inner\">\n\t\t\t\t<div class=\"elementor-element elementor-element-d8dd0e1 elementor-widget elementor-widget-heading\" data-id=\"d8dd0e1\" data-element_type=\"widget\" data-e-type=\"widget\" data-widget_type=\"heading.default\">\n\t\t\t\t<div class=\"elementor-widget-container\">\n\t\t\t\t\t<h1 class=\"elementor-heading-title elementor-size-default\">Pharmacies de Gare \u00e0 Bruxelles, Li\u00e8ge et Braine-l'Alleud<\/h1>\t\t\t\t<\/div>\n\t\t\t\t<\/div>\n\t\t<div class=\"elementor-element elementor-element-242f9a2 e-con-full e-flex e-con e-child\" data-id=\"242f9a2\" data-element_type=\"container\" data-e-type=\"container\">\n\t\t\t\t<div class=\"elementor-element elementor-element-5d73b8a elementor-widget elementor-widget-button\" data-id=\"5d73b8a\" data-element_type=\"widget\" data-e-type=\"widget\" data-widget_type=\"button.default\">\n\t\t\t\t<div class=\"elementor-widget-container\">\n\t\t\t\t\t\t\t\t\t<div class=\"elementor-button-wrapper\">\n\t\t\t\t\t<a class=\"elementor-button elementor-button-link elementor-size-sm\" href=\"https:\/\/axesspharma.be\/nos-pharmacies\/\">\n\t\t\t\t\t\t<span class=\"elementor-button-content-wrapper\">\n\t\t\t\t\t\t\t\t\t<span class=\"elementor-button-text\">Nos pharmacies <\/span>\n\t\t\t\t\t<\/span>\n\t\t\t\t\t<\/a>\n\t\t\t\t<\/div>\n\t\t\t\t\t\t\t\t<\/div>\n\t\t\t\t<\/div>\n\t\t\t\t<div class=\"elementor-element elementor-element-b1e1fe5 elementor-widget elementor-widget-button\" data-id=\"b1e1fe5\" data-element_type=\"widget\" data-e-type=\"widget\" data-widget_type=\"button.default\">\n\t\t\t\t<div class=\"elementor-widget-container\">\n\t\t\t\t\t\t\t\t\t<div class=\"elementor-button-wrapper\">\n\t\t\t\t\t<a class=\"elementor-button elementor-button-link elementor-size-sm\" href=\"https:\/\/axesspharma.be\/rendez-vous\/\">\n\t\t\t\t\t\t<span class=\"elementor-button-content-wrapper\">\n\t\t\t\t\t\t\t\t\t<span class=\"elementor-button-text\">Rendez-vous<\/span>\n\t\t\t\t\t<\/span>\n\t\t\t\t\t<\/a>\n\t\t\t\t<\/div>\n\t\t\t\t\t\t\t\t<\/div>\n\t\t\t\t<\/div>\n\t\t\t\t<\/div>\n\t\t\t\t\t<\/div>\n\t\t\t\t<\/div>\n\t\t<div class=\"elementor-element elementor-element-f4b3c1c e-flex e-con-boxed e-con e-parent\" data-id=\"f4b3c1c\" data-element_type=\"container\" data-e-type=\"container\">\n\t\t\t\t\t<div class=\"e-con-inner\">\n\t\t\t\t\t<\/div>\n\t\t\t\t<\/div>\n\t\t<div class=\"elementor-element elementor-element-02e4953 e-flex e-con-boxed e-con e-parent\" data-id=\"02e4953\" data-element_type=\"container\" data-e-type=\"container\">\n\t\t\t\t\t<div class=\"e-con-inner\">\n\t\t\t\t<div class=\"elementor-element elementor-element-8812080 elementor-widget elementor-widget-heading\" data-id=\"8812080\" data-element_type=\"widget\" data-e-type=\"widget\" data-widget_type=\"heading.default\">\n\t\t\t\t<div class=\"elementor-widget-container\">\n\t\t\t\t\t<h2 class=\"elementor-heading-title elementor-size-default\">Nos pharmacies<\/h2>\t\t\t\t<\/div>\n\t\t\t\t<\/div>\n\t\t\t\t<div class=\"elementor-element elementor-element-3024b28 elementor-widget elementor-widget-heading\" data-id=\"3024b28\" data-element_type=\"widget\" data-e-type=\"widget\" data-widget_type=\"heading.default\">\n\t\t\t\t<div class=\"elementor-widget-container\">\n\t\t\t\t\t<h3 class=\"elementor-heading-title elementor-size-default\">D\u00e9couvrez nos pharmacies<\/h3>\t\t\t\t<\/div>\n\t\t\t\t<\/div>\n\t\t\t\t<div class=\"elementor-element elementor-element-867a271 elementor-widget elementor-widget-text-editor\" data-id=\"867a271\" data-element_type=\"widget\" data-e-type=\"widget\" data-widget_type=\"text-editor.default\">\n\t\t\t\t<div class=\"elementor-widget-container\">\n\t\t\t\t\t\t\t\t\t<h3><span style=\"caret-color: lab(42 0 0); color: lab(42 0 0); font-family: Inter, system-ui, -apple-system, sans-serif; font-size: medium; background-color: lab(100 0 0);\">Nos pharmacies de gare \u00e0 <a href=\"https:\/\/axesspharma.be\/pharmacie\/pharmacie-gare-de-bruxelles-central\/\">Bruxelles<\/a>, <a href=\"https:\/\/axesspharma.be\/pharmacie\/pharmacie-gare-de-liege-guillemins\/\">Li\u00e8ge<\/a> et <a href=\"https:\/\/axesspharma.be\/pharmacie\/pharmacie-centrale-de-braine-lalleud\/\">Braine-l&rsquo;Alleud<\/a> vous accueillent pour tous vos besoins de sant\u00e9. Sp\u00e9cialistes des services aux voyageurs, nous proposons <a href=\"https:\/\/axesspharma.be\/rendez-vous\/\">vaccination<\/a>, tests <a href=\"https:\/\/axesspharma.be\/rendez-vous\/\">COVID-19<\/a>, conseils m\u00e9dicaux et d\u00e9livrance de m\u00e9dicaments. Notre \u00e9quipe de pharmaciens dipl\u00f4m\u00e9s assure un accompagnement personnalis\u00e9 pour votre sant\u00e9 au quotidien. Situ\u00e9es strat\u00e9giquement dans les gares de <a href=\"https:\/\/axesspharma.be\/pharmacie\/pharmacie-gare-de-bruxelles-midi\/\">Bruxelles-Midi<\/a>, <a href=\"https:\/\/axesspharma.be\/pharmacie\/pharmacie-gare-de-bruxelles-central\/\">Bruxelles-Central<\/a>, <a href=\"https:\/\/axesspharma.be\/pharmacie\/pharmacie-gare-de-liege-guillemins\/\">Li\u00e8ge-Guillemins<\/a>, ainsi qu&rsquo;\u00e0 <a href=\"https:\/\/axesspharma.be\/pharmacie\/pharmacie-centrale-de-braine-lalleud\/\">Braine-l&rsquo;Alleud<\/a> et <a href=\"https:\/\/axesspharma.be\/pharmacie\/pharmacie-du-cinquantenaire\/\">Etterbeek<\/a>, nos officines garantissent un acc\u00e8s rapide et facile.<\/span><\/h3>\t\t\t\t\t\t\t\t<\/div>\n\t\t\t\t<\/div>\n\t\t<div class=\"elementor-element elementor-element-c3c5ee1 e-grid e-con-full e-con e-child\" data-id=\"c3c5ee1\" data-element_type=\"container\" data-e-type=\"container\">\n\t\t\t\t<\/div>\n\t\t\t\t<div class=\"elementor-element elementor-element-16adea7 elementor-align-center elementor-widget elementor-widget-button\" data-id=\"16adea7\" data-element_type=\"widget\" data-e-type=\"widget\" data-widget_type=\"button.default\">\n\t\t\t\t<div class=\"elementor-widget-container\">\n\t\t\t\t\t\t\t\t\t<div class=\"elementor-button-wrapper\">\n\t\t\t\t\t<a class=\"elementor-button elementor-button-link elementor-size-sm elementor-animation-float\" href=\"https:\/\/axesspharma.be\/rendez-vous\/\">\n\t\t\t\t\t\t<span class=\"elementor-button-content-wrapper\">\n\t\t\t\t\t\t<span class=\"elementor-button-icon\">\n\t\t\t\t<svg aria-hidden=\"true\" class=\"e-font-icon-svg e-fas-long-arrow-alt-right\" viewBox=\"0 0 448 512\" xmlns=\"http:\/\/www.w3.org\/2000\/svg\"><path d=\"M313.941 216H12c-6.627 0-12 5.373-12 12v56c0 6.627 5.373 12 12 12h301.941v46.059c0 21.382 25.851 32.09 40.971 16.971l86.059-86.059c9.373-9.373 9.373-24.569 0-33.941l-86.059-86.059c-15.119-15.119-40.971-4.411-40.971 16.971V216z\"><\/path><\/svg>\t\t\t<\/span>\n\t\t\t\t\t\t\t\t\t<span class=\"elementor-button-text\">Prise de rendez-vous<\/span>\n\t\t\t\t\t<\/span>\n\t\t\t\t\t<\/a>\n\t\t\t\t<\/div>\n\t\t\t\t\t\t\t\t<\/div>\n\t\t\t\t<\/div>\n\t\t\t\t\t<\/div>\n\t\t\t\t<\/div>\n\t\t<div class=\"elementor-element elementor-element-a960ad5 e-flex e-con-boxed e-con e-parent\" data-id=\"a960ad5\" data-element_type=\"container\" data-e-type=\"container\" data-settings=\"{&quot;background_background&quot;:&quot;classic&quot;,&quot;background_motion_fx_motion_fx_scrolling&quot;:&quot;yes&quot;,&quot;background_motion_fx_translateX_effect&quot;:&quot;yes&quot;,&quot;shape_divider_top&quot;:&quot;curve&quot;,&quot;shape_divider_top_negative&quot;:&quot;yes&quot;,&quot;background_motion_fx_translateX_speed&quot;:{&quot;unit&quot;:&quot;px&quot;,&quot;size&quot;:4,&quot;sizes&quot;:[]},&quot;background_motion_fx_translateX_affectedRange&quot;:{&quot;unit&quot;:&quot;%&quot;,&quot;size&quot;:&quot;&quot;,&quot;sizes&quot;:{&quot;start&quot;:0,&quot;end&quot;:100}},&quot;background_motion_fx_devices&quot;:[&quot;desktop&quot;,&quot;tablet&quot;,&quot;mobile&quot;]}\">\n\t\t\t\t\t<div class=\"e-con-inner\">\n\t\t\t\t<div class=\"elementor-shape elementor-shape-top\" aria-hidden=\"true\" data-negative=\"true\">\n\t\t\t<svg xmlns=\"http:\/\/www.w3.org\/2000\/svg\" viewBox=\"0 0 1000 100\" preserveAspectRatio=\"none\">\n\t<path class=\"elementor-shape-fill\" d=\"M500,97C126.7,96.3,0.8,19.8,0,0v100l1000,0V1C1000,19.4,873.3,97.8,500,97z\"\/>\n<\/svg>\t\t<\/div>\n\t\t\t\t<div class=\"elementor-element elementor-element-fe9fe8a elementor-widget elementor-widget-heading\" data-id=\"fe9fe8a\" data-element_type=\"widget\" data-e-type=\"widget\" data-widget_type=\"heading.default\">\n\t\t\t\t<div class=\"elementor-widget-container\">\n\t\t\t\t\t<h2 class=\"elementor-heading-title elementor-size-default\">Rendez-vous<\/h2>\t\t\t\t<\/div>\n\t\t\t\t<\/div>\n\t\t\t\t<div class=\"elementor-element elementor-element-0c99547 elementor-widget elementor-widget-heading\" data-id=\"0c99547\" data-element_type=\"widget\" data-e-type=\"widget\" data-widget_type=\"heading.default\">\n\t\t\t\t<div class=\"elementor-widget-container\">\n\t\t\t\t\t<h3 class=\"elementor-heading-title elementor-size-default\">Prenez rendez-vous en ligne pour votre vaccination ou autre service m\u00e9dical en pharmacie.\n<\/h3>\t\t\t\t<\/div>\n\t\t\t\t<\/div>\n\t\t\t\t<div class=\"elementor-element elementor-element-f887818 elementor-widget elementor-widget-heading\" data-id=\"f887818\" data-element_type=\"widget\" data-e-type=\"widget\" data-widget_type=\"heading.default\">\n\t\t\t\t<div class=\"elementor-widget-container\">\n\t\t\t\t\t<p class=\"elementor-heading-title elementor-size-default\">Prenez facilement rendez-vous en ligne pour votre vaccination ou tout autre service m\u00e9dical propos\u00e9 en pharmacie, et b\u00e9n\u00e9ficiez d\u2019une prise en charge rapide et professionnelle. <\/p>\t\t\t\t<\/div>\n\t\t\t\t<\/div>\n\t\t\t\t\t<\/div>\n\t\t\t\t<\/div>\n\t\t<div class=\"elementor-element elementor-element-9df364c e-flex e-con-boxed e-con e-parent\" data-id=\"9df364c\" data-element_type=\"container\" data-e-type=\"container\">\n\t\t\t\t\t<div class=\"e-con-inner\">\n\t\t<div class=\"elementor-element elementor-element-5295e06 e-con-full e-flex e-con e-child\" data-id=\"5295e06\" data-element_type=\"container\" data-e-type=\"container\" data-settings=\"{&quot;background_background&quot;:&quot;classic&quot;}\">\n\t\t\t\t<div class=\"elementor-element elementor-element-6cf137c elementor-position-top elementor-widget elementor-widget-image-box\" data-id=\"6cf137c\" data-element_type=\"widget\" data-e-type=\"widget\" data-widget_type=\"image-box.default\">\n\t\t\t\t<div class=\"elementor-widget-container\">\n\t\t\t\t\t<div class=\"elementor-image-box-wrapper\"><figure class=\"elementor-image-box-img\"><a href=\"https:\/\/axesspharma.be\/rendez-vous\/\" tabindex=\"-1\"><img fetchpriority=\"high\" decoding=\"async\" width=\"512\" height=\"512\" src=\"https:\/\/axesspharma.be\/wp-content\/uploads\/2025\/05\/drugs_3483406-1.webp\" class=\"attachment-full size-full wp-image-132\" alt=\"\" srcset=\"https:\/\/axesspharma.be\/wp-content\/uploads\/2025\/05\/drugs_3483406-1.webp 512w, https:\/\/axesspharma.be\/wp-content\/uploads\/2025\/05\/drugs_3483406-1-300x300.webp 300w, https:\/\/axesspharma.be\/wp-content\/uploads\/2025\/05\/drugs_3483406-1-150x150.webp 150w\" sizes=\"(max-width: 512px) 100vw, 512px\" \/><\/a><\/figure><div class=\"elementor-image-box-content\"><h3 class=\"elementor-image-box-title\"><a href=\"https:\/\/axesspharma.be\/rendez-vous\/\">Prise de rendez-vous pour une vaccination<\/a><\/h3><p class=\"elementor-image-box-description\">Besoin d'une vaccination ? Nos pharmacies sont la\u0300 pour vous aider a\u0300 obtenir rapidement vos re\u0301sultats. Que ce soit pour des besoins personnels, de voyage, ou de travail, prenez rendez-vous en ligne et be\u0301ne\u0301ficiez d'un service se\u0301curise\u0301 et rapide.<\/p><\/div><\/div>\t\t\t\t<\/div>\n\t\t\t\t<\/div>\n\t\t\t\t<div class=\"elementor-element elementor-element-0878e5c elementor-widget-divider--view-line elementor-widget elementor-widget-divider\" data-id=\"0878e5c\" data-element_type=\"widget\" data-e-type=\"widget\" data-widget_type=\"divider.default\">\n\t\t\t\t<div class=\"elementor-widget-container\">\n\t\t\t\t\t\t\t<div class=\"elementor-divider\">\n\t\t\t<span class=\"elementor-divider-separator\">\n\t\t\t\t\t\t<\/span>\n\t\t<\/div>\n\t\t\t\t\t\t<\/div>\n\t\t\t\t<\/div>\n\t\t\t\t<div class=\"elementor-element elementor-element-489ee19 elementor-align-center elementor-tablet-align-center elementor-widget elementor-widget-button\" data-id=\"489ee19\" data-element_type=\"widget\" data-e-type=\"widget\" data-widget_type=\"button.default\">\n\t\t\t\t<div class=\"elementor-widget-container\">\n\t\t\t\t\t\t\t\t\t<div class=\"elementor-button-wrapper\">\n\t\t\t\t\t<a class=\"elementor-button elementor-button-link elementor-size-sm elementor-animation-float\" href=\"https:\/\/axesspharma.be\/rendez-vous\/\">\n\t\t\t\t\t\t<span class=\"elementor-button-content-wrapper\">\n\t\t\t\t\t\t<span class=\"elementor-button-icon\">\n\t\t\t\t<svg aria-hidden=\"true\" class=\"e-font-icon-svg e-fas-long-arrow-alt-right\" viewBox=\"0 0 448 512\" xmlns=\"http:\/\/www.w3.org\/2000\/svg\"><path d=\"M313.941 216H12c-6.627 0-12 5.373-12 12v56c0 6.627 5.373 12 12 12h301.941v46.059c0 21.382 25.851 32.09 40.971 16.971l86.059-86.059c9.373-9.373 9.373-24.569 0-33.941l-86.059-86.059c-15.119-15.119-40.971-4.411-40.971 16.971V216z\"><\/path><\/svg>\t\t\t<\/span>\n\t\t\t\t\t\t\t\t\t<span class=\"elementor-button-text\">Rendez-vous<\/span>\n\t\t\t\t\t<\/span>\n\t\t\t\t\t<\/a>\n\t\t\t\t<\/div>\n\t\t\t\t\t\t\t\t<\/div>\n\t\t\t\t<\/div>\n\t\t\t\t<\/div>\n\t\t\t\t\t<\/div>\n\t\t\t\t<\/div>\n\t\t<div class=\"elementor-element elementor-element-41a4061 e-flex e-con-boxed e-con e-parent\" data-id=\"41a4061\" data-element_type=\"container\" data-e-type=\"container\">\n\t\t\t\t\t<div class=\"e-con-inner\">\n\t\t<div class=\"elementor-element elementor-element-32d25c4 e-con-full e-flex e-con e-child\" data-id=\"32d25c4\" data-element_type=\"container\" data-e-type=\"container\">\n\t\t\t\t<div class=\"elementor-element elementor-element-2c5bcab elementor-widget elementor-widget-heading\" data-id=\"2c5bcab\" data-element_type=\"widget\" data-e-type=\"widget\" data-widget_type=\"heading.default\">\n\t\t\t\t<div class=\"elementor-widget-container\">\n\t\t\t\t\t<h2 class=\"elementor-heading-title elementor-size-default\">Contact administratif Axesspharma<\/h2>\t\t\t\t<\/div>\n\t\t\t\t<\/div>\n\t\t\t\t<div class=\"elementor-element elementor-element-2a1cf06 elementor-widget elementor-widget-heading\" data-id=\"2a1cf06\" data-element_type=\"widget\" data-e-type=\"widget\" data-widget_type=\"heading.default\">\n\t\t\t\t<div class=\"elementor-widget-container\">\n\t\t\t\t\t<h3 class=\"elementor-heading-title elementor-size-default\">Nous sommes l\u00e0 pour vous aider.<\/h3>\t\t\t\t<\/div>\n\t\t\t\t<\/div>\n\t\t\t\t<div class=\"elementor-element elementor-element-76b958e elementor-align-center elementor-tablet-align-center elementor-widget elementor-widget-button\" data-id=\"76b958e\" data-element_type=\"widget\" data-e-type=\"widget\" data-widget_type=\"button.default\">\n\t\t\t\t<div class=\"elementor-widget-container\">\n\t\t\t\t\t\t\t\t\t<div class=\"elementor-button-wrapper\">\n\t\t\t\t\t<a class=\"elementor-button elementor-button-link elementor-size-sm elementor-animation-float\" href=\"https:\/\/axesspharma.be\/contact\/\">\n\t\t\t\t\t\t<span class=\"elementor-button-content-wrapper\">\n\t\t\t\t\t\t<span class=\"elementor-button-icon\">\n\t\t\t\t<svg aria-hidden=\"true\" class=\"e-font-icon-svg e-fas-long-arrow-alt-right\" viewBox=\"0 0 448 512\" xmlns=\"http:\/\/www.w3.org\/2000\/svg\"><path d=\"M313.941 216H12c-6.627 0-12 5.373-12 12v56c0 6.627 5.373 12 12 12h301.941v46.059c0 21.382 25.851 32.09 40.971 16.971l86.059-86.059c9.373-9.373 9.373-24.569 0-33.941l-86.059-86.059c-15.119-15.119-40.971-4.411-40.971 16.971V216z\"><\/path><\/svg>\t\t\t<\/span>\n\t\t\t\t\t\t\t\t\t<span class=\"elementor-button-text\">Plus d'informations <\/span>\n\t\t\t\t\t<\/span>\n\t\t\t\t\t<\/a>\n\t\t\t\t<\/div>\n\t\t\t\t\t\t\t\t<\/div>\n\t\t\t\t<\/div>\n\t\t\t\t<\/div>\n\t\t\t\t\t<\/div>\n\t\t\t\t<\/div>\n\t\t\t\t<\/div>\n\t\t","protected":false},"excerpt":{"rendered":"<p>Pharmacies de Gare \u00e0 Bruxelles, Li\u00e8ge et Braine-l&rsquo;Alleud Nos pharmacies Rendez-vous Nos pharmacies D\u00e9couvrez nos pharmacies Nos pharmacies de gare \u00e0 Bruxelles, Li\u00e8ge et Braine-l&rsquo;Alleud vous accueillent pour tous vos besoins de sant\u00e9. Sp\u00e9cialistes des services aux voyageurs, nous proposons vaccination, tests COVID-19, conseils m\u00e9dicaux et d\u00e9livrance de m\u00e9dicaments. Notre \u00e9quipe de pharmaciens dipl\u00f4m\u00e9s assure [&hellip;]<\/p>\n","protected":false},"author":1,"featured_media":0,"parent":0,"menu_order":0,"comment_status":"closed","ping_status":"closed","template":"","meta":{"_acf_changed":false,"footnotes":""},"class_list":["post-13","page","type-page","status-publish","hentry"],"acf":[],"_links":{"self":[{"href":"https:\/\/axesspharma.be\/en\/wp-json\/wp\/v2\/pages\/13","targetHints":{"allow":["GET"]}}],"collection":[{"href":"https:\/\/axesspharma.be\/en\/wp-json\/wp\/v2\/pages"}],"about":[{"href":"https:\/\/axesspharma.be\/en\/wp-json\/wp\/v2\/types\/page"}],"author":[{"embeddable":true,"href":"https:\/\/axesspharma.be\/en\/wp-json\/wp\/v2\/users\/1"}],"replies":[{"embeddable":true,"href":"https:\/\/axesspharma.be\/en\/wp-json\/wp\/v2\/comments?post=13"}],"version-history":[{"count":85,"href":"https:\/\/axesspharma.be\/en\/wp-json\/wp\/v2\/pages\/13\/revisions"}],"predecessor-version":[{"id":454,"href":"https:\/\/axesspharma.be\/en\/wp-json\/wp\/v2\/pages\/13\/revisions\/454"}],"wp:attachment":[{"href":"https:\/\/axesspharma.be\/en\/wp-json\/wp\/v2\/media?parent=13"}],"curies":[{"name":"wp","href":"https:\/\/api.w.org\/{rel}","templated":true}]}}